{"id":16747,"date":"2024-06-18T14:15:29","date_gmt":"2024-06-18T12:15:29","guid":{"rendered":"https:\/\/medien-gesellschaft.soziologie.uni-mainz.de\/?page_id=16747"},"modified":"2025-08-19T18:04:50","modified_gmt":"2025-08-19T16:04:50","slug":"toni-garbe","status":"publish","type":"page","link":"https:\/\/medien-gesellschaft.soziologie.uni-mainz.de\/en\/toni-garbe\/","title":{"rendered":"Toni Garbe"},"content":{"rendered":"\n<div class=\"wp-block-media-text is-stacked-on-mobile is-vertically-aligned-top\" style=\"grid-template-columns:35% auto\" id=\"marcelthielwoznica\"><figure class=\"wp-block-media-text__media\"><img loading=\"lazy\" decoding=\"async\" width=\"768\" height=\"1024\" src=\"https:\/\/medien-gesellschaft.soziologie.uni-mainz.de\/wp-content\/uploads\/sites\/214\/2024\/06\/8R7A5859-Kopie-2-scaled-1-768x1024.jpg\" alt=\"Toni Garbe\" class=\"wp-image-8756 size-medium\" srcset=\"https:\/\/cms.zdv.uni-mainz.de\/fb02-mediensoziologie\/wp-content\/uploads\/sites\/214\/2024\/06\/8R7A5859-Kopie-2-scaled-1-768x1024.jpg 768w, https:\/\/cms.zdv.uni-mainz.de\/fb02-mediensoziologie\/wp-content\/uploads\/sites\/214\/2024\/06\/8R7A5859-Kopie-2-scaled-1-225x300.jpg 225w, https:\/\/cms.zdv.uni-mainz.de\/fb02-mediensoziologie\/wp-content\/uploads\/sites\/214\/2024\/06\/8R7A5859-Kopie-2-scaled-1-1152x1536.jpg 1152w, https:\/\/cms.zdv.uni-mainz.de\/fb02-mediensoziologie\/wp-content\/uploads\/sites\/214\/2024\/06\/8R7A5859-Kopie-2-scaled-1-1536x2048.jpg 1536w, https:\/\/cms.zdv.uni-mainz.de\/fb02-mediensoziologie\/wp-content\/uploads\/sites\/214\/2024\/06\/8R7A5859-Kopie-2-scaled-1.jpg 1920w\" sizes=\"auto, (max-width: 768px) 100vw, 768px\" \/><\/figure><div class=\"wp-block-media-text__content\"><jgu-base-heading react-props=\"{\n    &quot;tags&quot;: {\n        &quot;htmlTag&quot;: &quot;h2&quot;,\n        &quot;classTag&quot;: &quot;h2&quot;,\n        &quot;tag&quot;: &quot;h2.h2&quot;\n    },\n    &quot;heading&quot;: &quot;Toni Garbe (M.A.)&quot;,\n    &quot;textAlign&quot;: &quot;left&quot;,\n    &quot;anchor&quot;: &quot;&quot;,\n    &quot;index&quot;: &quot;&quot;,\n    &quot;color&quot;: &quot;red&quot;\n}\"><\/jgu-base-heading>\n\n\n<jgu-base-heading react-props=\"{\n    &quot;tags&quot;: {\n        &quot;htmlTag&quot;: &quot;h3&quot;,\n        &quot;classTag&quot;: &quot;&quot;,\n        &quot;tag&quot;: &quot;h3&quot;\n    },\n    &quot;heading&quot;: &quot;Main research areas&quot;,\n    &quot;textAlign&quot;: &quot;left&quot;,\n    &quot;anchor&quot;: &quot;&quot;,\n    &quot;index&quot;: &quot;&quot;,\n    &quot;color&quot;: &quot;red&quot;\n}\"><\/jgu-base-heading>\n\n\n\n<p>Human differentiation research<br\/>Trans- and posthumanism<br\/>Sociology of technology<br\/>Sociology of the body<br\/>Gender studies<br\/>Practice theory<\/p>\n\n\n\n<div class=\"wp-block-columns are-vertically-aligned-center is-layout-flex wp-container-core-columns-is-layout-9d6595d7 wp-block-columns-is-layout-flex\">\n<div class=\"wp-block-column is-vertically-aligned-center is-layout-constrained wp-container-core-column-is-layout-c0cf8e29 wp-block-column-is-layout-constrained\" style=\"flex-basis:50%\"><jgu-base-idm-person react-props=\"{\n    &quot;id&quot;: &quot;7997&quot;,\n    &quot;organizationId&quot;: 3424,\n    &quot;roleId&quot;: 16,\n    &quot;link&quot;: &quot;idm&quot;,\n    &quot;skipDetails&quot;: [],\n    &quot;align&quot;: &quot;left&quot;,\n    &quot;color&quot;: &quot;default&quot;,\n    &quot;mode&quot;: &quot;edit&quot;,\n    &quot;linkType&quot;: &quot;idm&quot;\n}\">\n        \n<\/jgu-base-idm-person>\n<\/div>\n<\/div>\n\n\n<jgu-base-button style=\"display: flex; flex-wrap: wrap; column-gap: 30px; max-width: 100%; flex-direction: row; justify-content: left\">\n  \n<jgu-base-buttonitem react-props=\"{\n    &quot;text&quot;: &quot;CSR Human Differentiation&quot;,\n    &quot;link&quot;: {\n        &quot;url&quot;: &quot;https:\\\/\\\/humandifferenzierung.uni-mainz.de\\\/person\\\/toni-garbe-m-a&quot;,\n        &quot;linkTarget&quot;: &quot;&quot;,\n        &quot;rel&quot;: &quot;&quot;,\n        &quot;id&quot;: &quot;https:\\\/\\\/humandifferenzierung.uni-mainz.de\\\/person\\\/toni-garbe-m-a&quot;,\n        &quot;title&quot;: &quot;https:\\\/\\\/humandifferenzierung.uni-mainz.de\\\/person\\\/toni-garbe-m-a&quot;,\n        &quot;type&quot;: &quot;link&quot;\n    },\n    &quot;align&quot;: &quot;left&quot;,\n    &quot;styling&quot;: &quot;primary&quot;,\n    &quot;icon&quot;: &quot;arrow-right-solid&quot;,\n    &quot;type&quot;: &quot;default&quot;,\n    &quot;iconBefore&quot;: false,\n    &quot;isSmall&quot;: false,\n    &quot;fullWidth&quot;: false,\n    &quot;className&quot;: &quot;&quot;\n}\"><\/jgu-base-buttonitem>\n\n<\/jgu-base-button><\/div><\/div>\n\n<div style=\"height:19px\" aria-hidden=\"true\" class=\"wp-block-spacer\"><\/div>\n<jgu-base-anchornavigation react-props=\"{\n    &quot;align&quot;: &quot;wide&quot;,\n    &quot;theme&quot;: &quot;white&quot;\n}\">\n    \n<\/jgu-base-anchornavigation><div\n\tclass=\"jgu-anchorpoint\"\n\tid=\"lebenslauf\"\n\tdata-label=\"Lebenslauf\"\n\tdata-hide-in-nav=\"false\"\n\ttabindex=\"0\"\n\tdata-initial-scroll=\"true\"\n><\/div>\n\n\n<jgu-base-section react-props=\"{&quot;color&quot;:&quot;white&quot;,&quot;align&quot;:&quot;wide&quot;,&quot;padding&quot;:&quot;medium&quot;}\">\n<div class=\"jgu-bgsection bg bg-white \"><div class=\"content padding-medium\"><jgu-base-heading react-props=\"{\n    &quot;tags&quot;: {\n        &quot;htmlTag&quot;: &quot;h2&quot;,\n        &quot;classTag&quot;: &quot;h3&quot;,\n        &quot;tag&quot;: &quot;h2.h3&quot;\n    },\n    &quot;heading&quot;: &quot;Akademische Positionen&quot;,\n    &quot;textAlign&quot;: &quot;left&quot;,\n    &quot;anchor&quot;: &quot;&quot;,\n    &quot;index&quot;: &quot;&quot;,\n    &quot;color&quot;: &quot;red&quot;\n}\"><\/jgu-base-heading>\n\n\n\n<p class=\"has-normal-font-size\"><strong>Seit 03\/2026<\/strong><br>Wissenschaftliche Referentin beim Bundesinstitut f\u00fcr Bev\u00f6lkerungsforschung<\/p>\n\n\n\n<p class=\"has-normal-font-size\"><strong>11\/2021 &#8211; 12\/2025<\/strong><br>Wissenschaftliche Mitarbeiterin im SFB-Teilprojekt &#8220;Posthumane Entdifferenzierung? Die technologische Optimierung menschlicher K\u00f6rper&#8221; des DFG Sonderforschungsbereichs 1482 &#8220;Humandifferenzierung&#8221;, JGU Mainz<\/p>\n\n\n\n<p class=\"has-normal-font-size\"><strong>09\/2019 &#8211; 10\/2021<\/strong><br>Wissenschaftliche Mitarbeiterin im BMBF-Verbundprojekt &#8220;Zukunft materiell entwerfen. Prototypen als Kommunikationsmedien des Neuen&#8221;, JGU Mainz<\/p>\n\n\n\n<div style=\"height:25px\" aria-hidden=\"true\" class=\"wp-block-spacer\"><\/div>\n\n\n<jgu-base-heading react-props=\"{\n    &quot;tags&quot;: {\n        &quot;htmlTag&quot;: &quot;h2&quot;,\n        &quot;classTag&quot;: &quot;h3&quot;,\n        &quot;tag&quot;: &quot;h2.h3&quot;\n    },\n    &quot;heading&quot;: &quot;Universit\\u00e4re Ausbildung&quot;,\n    &quot;textAlign&quot;: &quot;left&quot;,\n    &quot;anchor&quot;: &quot;&quot;,\n    &quot;index&quot;: &quot;&quot;,\n    &quot;color&quot;: &quot;red&quot;\n}\"><\/jgu-base-heading>\n\n\n\n<p class=\"has-normal-font-size\"><strong>10\/2021 &#8211; 03\/2025<\/strong><br>Bachelor of Arts Publizistik, JGU Mainz<\/p>\n\n\n\n<p class=\"has-normal-font-size\"><strong>09\/2019 &#8211; 02\/2026<\/strong><br>Promotion Soziologie, JGU Mainz: \u201ePost\/humane K\u00f6rper? Zur Entproblematisierung technisch angereicherter K\u00f6rper in medialen Darstellungen.\u201c<\/p>\n\n\n\n<p class=\"has-normal-font-size\"><strong>10\/2017 &#8211; 08\/2019<\/strong><br>Master of Arts Soziologie, JGU Mainz<\/p>\n\n\n\n<p class=\"has-normal-font-size\"><strong>10\/2014 &#8211; 04\/2017<\/strong><br>Bachelor of Arts Soziologie und Theaterwissenschaften, JGU Mainz<br><\/p>\n\n\n\n<div style=\"height:25px\" aria-hidden=\"true\" class=\"wp-block-spacer\"><\/div>\n\n\n<jgu-base-heading react-props=\"{\n    &quot;tags&quot;: {\n        &quot;htmlTag&quot;: &quot;h2&quot;,\n        &quot;classTag&quot;: &quot;h3&quot;,\n        &quot;tag&quot;: &quot;h2.h3&quot;\n    },\n    &quot;heading&quot;: &quot;Stipendien&quot;,\n    &quot;textAlign&quot;: &quot;left&quot;,\n    &quot;anchor&quot;: &quot;&quot;,\n    &quot;index&quot;: &quot;&quot;,\n    &quot;color&quot;: &quot;red&quot;\n}\"><\/jgu-base-heading>\n\n\n\n<p class=\"has-normal-font-size\"><strong>10\/2017 &#8211; 08\/2019<\/strong><br>Stipendiatin der Studienstiftung des Deutschen Volkes<\/p>\n<\/div><\/div>\n<\/jgu-base-section><div\n\tclass=\"jgu-anchorpoint\"\n\tid=\"research-in-sfb-human-differentiation\"\n\tdata-label=\"Research in the CSR Human Differentiation\"\n\tdata-hide-in-nav=\"false\"\n\ttabindex=\"0\"\n\tdata-initial-scroll=\"true\"\n><\/div>\n<jgu-base-section react-props=\"{&quot;color&quot;:&quot;light&quot;,&quot;align&quot;:&quot;wide&quot;,&quot;padding&quot;:&quot;medium&quot;}\">\n<div class=\"jgu-bgsection bg bg-light\"><div class=\"content padding-medium\"><jgu-base-heading react-props=\"{\n    &quot;tags&quot;: {\n        &quot;htmlTag&quot;: &quot;h2&quot;,\n        &quot;classTag&quot;: &quot;h3&quot;,\n        &quot;tag&quot;: &quot;h2.h3&quot;\n    },\n    &quot;heading&quot;: &quot;CSR Human Differentiation&quot;,\n    &quot;textAlign&quot;: &quot;left&quot;,\n    &quot;anchor&quot;: &quot;&quot;,\n    &quot;index&quot;: &quot;&quot;,\n    &quot;color&quot;: &quot;red&quot;\n}\"><\/jgu-base-heading>\n\n\n\n<p class=\"has-normal-font-size\">\u201cIn my research, I deal with technologies for human bodies and explore the question of how technologically enhanced bodies are (re)interpreted. Do they appear to us as deficient or progressive? Are they understood as human or transhuman? How are different interpretations of the body produced? How do interpretations of the body vary according to context? My objects of investigation include wearables, exoskeletons, prostheses and implants. In my doctoral dissertation, I am specifically interested in media representations of technologically augmented bodies. Using PR representations of technology manufacturers and self-portrayals of users, I reconstruct which norms are conveyed in the idealized representations.\u201d<\/p>\n<\/div><\/div>\n<\/jgu-base-section><div\n\tclass=\"jgu-anchorpoint\"\n\tid=\"veroffentlichungen\"\n\tdata-label=\"Ver\u00f6ffentlichungen\"\n\tdata-hide-in-nav=\"false\"\n\ttabindex=\"0\"\n\tdata-initial-scroll=\"true\"\n><\/div>\n\n\n<jgu-base-section react-props=\"{&quot;color&quot;:&quot;white&quot;,&quot;align&quot;:&quot;wide&quot;,&quot;padding&quot;:&quot;medium&quot;}\">\n<div class=\"jgu-bgsection bg bg-white \"><div class=\"content padding-medium\"><jgu-base-heading react-props=\"{\n    &quot;tags&quot;: {\n        &quot;htmlTag&quot;: &quot;h2&quot;,\n        &quot;classTag&quot;: &quot;h3&quot;,\n        &quot;tag&quot;: &quot;h2.h3&quot;\n    },\n    &quot;heading&quot;: &quot;Ver\\u00f6ffentlichungen&lt;br&gt;&quot;,\n    &quot;textAlign&quot;: &quot;left&quot;,\n    &quot;anchor&quot;: &quot;&quot;,\n    &quot;index&quot;: &quot;&quot;,\n    &quot;color&quot;: &quot;red&quot;\n}\"><\/jgu-base-heading>\n\n\n\n<p class=\"has-normal-font-size\"><br><strong>2025<\/strong><br>Garbe, T., Dickel, S., Thiel-Woznica, M. (2025). How the future is communicated. The complementary roles of words and things in the conveyance of urban air mobility visions. In: Time &amp; Society 34 (4), 526\u2013545.<\/p>\n\n\n\n<p class=\"has-normal-font-size\"><strong>2024<br><\/strong>Garbe, T. (2024). The presentation of brain-computer interfaces as autonomy-enhancing therapy products. A mechanism to promote societal acceptance of implant technologies. In: Nano Ethics 18 (13), 1\u201315.<\/p>\n\n\n\n<p class=\"has-normal-font-size\"><strong>2023<br><\/strong>Garbe, T. (2023). Enhancement als Weg zum posthumanen K\u00f6rper? \u00dcber die Divergenzen der K\u00f6rperdeutungen von Transhumanismus und gegenw\u00e4rtigem Alltagsverst\u00e4ndnis. In: Zeitschrift f\u00fcr Semiotik 45 (3-4), 107\u2013129.<\/p>\n<\/div><\/div>\n<\/jgu-base-section><div\n\tclass=\"jgu-anchorpoint\"\n\tid=\"lectures and panel discussions\"\n\tdata-label=\"Lectures and panel discussions\"\n\tdata-hide-in-nav=\"false\"\n\ttabindex=\"0\"\n\tdata-initial-scroll=\"true\"\n><\/div>\n<jgu-base-section react-props=\"{&quot;color&quot;:&quot;white&quot;,&quot;align&quot;:&quot;wide&quot;,&quot;padding&quot;:&quot;medium&quot;}\">\n<div class=\"jgu-bgsection bg bg-white\"><div class=\"content padding-medium\"><jgu-base-heading react-props=\"{\n    &quot;tags&quot;: {\n        &quot;htmlTag&quot;: &quot;h2&quot;,\n        &quot;classTag&quot;: &quot;h3&quot;,\n        &quot;tag&quot;: &quot;h2.h3&quot;\n    },\n    &quot;heading&quot;: &quot;Lectures and panel discussions&quot;,\n    &quot;textAlign&quot;: &quot;left&quot;,\n    &quot;anchor&quot;: &quot;&quot;,\n    &quot;index&quot;: &quot;&quot;,\n    &quot;color&quot;: &quot;red&quot;\n}\"><\/jgu-base-heading>\n\n\n\n<p class=\"has-normal-font-size\"><strong>09\/2022<\/strong><br\/>Being a cyborg as diversity management of prosthetic bodies &#8211; Technically modified bodies between exoticization, medicalization and normalization. At: DGS 2022, Bielefeld. With: Sascha Dickel.  <\/p>\n\n\n\n<p class=\"has-normal-font-size\"><strong>09\/2022<\/strong><br\/>The present &amp; future of living with prostheses. At: FUTUREBODY The Gathering, Berlin. <\/p>\n\n\n\n<p class=\"has-normal-font-size\"><strong>07\/2022<\/strong><br\/>Futures as linguistically composed expected presents. At: EASST 2022 Madrid. With: Marcel Woznica.  <\/p>\n\n\n\n<p class=\"has-normal-font-size\"><strong>07\/2022<\/strong><br\/>On interpretive shifts of technically modified bodies. At: EASST 2022 Madrid. <br\/><br\/><strong>05\/2022<\/strong><br\/>Un\/doing Humanity? The outer limits of the human being as the subject of extended human differentiation research. In: Posthumanism. Transhumanism. Beyond the human? 7th Annual Conference of the Cultural Studies Society. Karl-Franzens-University Graz. With: Sascha Dickel.       <\/p>\n<\/div><\/div>\n<\/jgu-base-section>    <div style=\"display: none\">\n        \n    <\/div>","protected":false},"excerpt":{"rendered":"","protected":false},"author":492,"featured_media":0,"parent":0,"menu_order":0,"comment_status":"closed","ping_status":"closed","template":"","meta":{"footnotes":""},"categories":[],"tags":[],"class_list":["post-16747","page","type-page","status-publish","hentry"],"content_raw":"<!-- wp:media-text {\"mediaId\":8756,\"mediaLink\":\"https:\/\/medien-gesellschaft.soziologie.uni-mainz.de\/start\/uni-mainz-12-22sonderforschungsgruppe-humandifferenzierungantonia-garbe\/\",\"mediaType\":\"image\",\"mediaWidth\":35,\"mediaSizeSlug\":\"medium\",\"verticalAlignment\":\"top\",\"imageFill\":false,\"metadata\":{\"name\":\"marcelthielwoznica\"},\"translatedWithWPMLTM\":\"1\"} -->\n<div class=\"wp-block-media-text is-stacked-on-mobile is-vertically-aligned-top\" style=\"grid-template-columns:35% auto\" id=\"marcelthielwoznica\"><figure class=\"wp-block-media-text__media\"><img src=\"https:\/\/cms.zdv.uni-mainz.de\/fb02-mediensoziologie\/wp-content\/uploads\/sites\/214\/2024\/06\/8R7A5859-Kopie-2-scaled-1-768x1024.jpg\" alt=\"Toni Garbe\" class=\"wp-image-8756 size-medium\" \/><\/figure><div class=\"wp-block-media-text__content\"><!-- wp:jgu\/heading {\"tags\":{\"htmlTag\":\"h2\",\"classTag\":\"h2\",\"tag\":\"h2.h2\"},\"heading\":\"Toni Garbe (M.A.)\"} \/-->\n\n<!-- wp:jgu\/heading {\"tags\":{\"htmlTag\":\"h3\",\"classTag\":\"\",\"tag\":\"h3\"},\"heading\":\"Main research areas\"} \/-->\n\n<!-- wp:paragraph {\"translatedWithWPMLTM\":\"1\"} -->\n<p>Human differentiation research<br\/>Trans- and posthumanism<br\/>Sociology of technology<br\/>Sociology of the body<br\/>Gender studies<br\/>Practice theory<\/p>\n<!-- \/wp:paragraph -->\n\n<!-- wp:columns {\"verticalAlignment\":\"center\"} -->\n<div class=\"wp-block-columns are-vertically-aligned-center\"><!-- wp:column {\"verticalAlignment\":\"center\",\"width\":\"50%\",\"layout\":{\"type\":\"constrained\",\"contentSize\":\"100%\"}} -->\n<div class=\"wp-block-column is-vertically-aligned-center\" style=\"flex-basis:50%\"><!-- wp:jgu\/idm-person {\"id\":\"7997\",\"organizationId\":3424,\"roleId\":16} \/--><\/div>\n<!-- \/wp:column --><\/div>\n<!-- \/wp:columns -->\n\n<!-- wp:jgu\/button -->\n<!-- wp:jgu\/button-item {\"text\":\"CSR Human Differentiation\",\"link\":{\"url\":\"https:\/\/humandifferenzierung.uni-mainz.de\/person\/toni-garbe-m-a\",\"linkTarget\":\"\",\"rel\":\"\",\"id\":\"https:\/\/humandifferenzierung.uni-mainz.de\/person\/toni-garbe-m-a\",\"title\":\"https:\/\/humandifferenzierung.uni-mainz.de\/person\/toni-garbe-m-a\",\"type\":\"link\"}} \/-->\n<!-- \/wp:jgu\/button --><\/div><\/div>\n<!-- \/wp:media-text --><!-- wp:spacer {\"height\":\"19px\"} -->\n<div style=\"height:19px\" aria-hidden=\"true\" class=\"wp-block-spacer\"><\/div>\n<!-- \/wp:spacer --><!-- wp:jgu\/anchornavigation \/--><!-- wp:block {\"ref\":13566} \/--><!-- wp:jgu\/anchorpoint {\"title\":\"Research in the CSR Human Differentiation\",\"slug\":\"research-in-sfb-human-differentiation\"} \/--><!-- wp:jgu\/section {\"color\": \"light\"} -->\n<div class=\"jgu-bgsection bg bg-light\"><div class=\"content padding-medium\"><!-- wp:jgu\/heading {\"tags\":{\"htmlTag\":\"h2\",\"classTag\":\"h3\",\"tag\":\"h2.h3\"},\"heading\":\"CSR Human Differentiation\"} \/-->\n\n<!-- wp:paragraph {\"fontSize\":\"normal\",\"translatedWithWPMLTM\":\"1\"} -->\n<p class=\"has-normal-font-size\">\u201cIn my research, I deal with technologies for human bodies and explore the question of how technologically enhanced bodies are (re)interpreted. Do they appear to us as deficient or progressive? Are they understood as human or transhuman? How are different interpretations of the body produced? How do interpretations of the body vary according to context? My objects of investigation include wearables, exoskeletons, prostheses and implants. In my doctoral dissertation, I am specifically interested in media representations of technologically augmented bodies. Using PR representations of technology manufacturers and self-portrayals of users, I reconstruct which norms are conveyed in the idealized representations.\u201d<\/p>\n<!-- \/wp:paragraph --><\/div><\/div>\n<!-- \/wp:jgu\/section --><!-- wp:block {\"ref\":13569} \/--><!-- wp:jgu\/anchorpoint {\"title\":\"Lectures and panel discussions\",\"slug\":\"lectures and panel discussions\"} \/--><!-- wp:jgu\/section {\"color\": \"white\"} -->\n<div class=\"jgu-bgsection bg bg-white\"><div class=\"content padding-medium\"><!-- wp:jgu\/heading {\"tags\":{\"htmlTag\":\"h2\",\"classTag\":\"h3\",\"tag\":\"h2.h3\"},\"heading\":\"Lectures and panel discussions\"} \/-->\n\n<!-- wp:paragraph {\"fontSize\":\"normal\",\"translatedWithWPMLTM\":\"1\"} -->\n<p class=\"has-normal-font-size\"><strong>09\/2022<\/strong><br\/>Being a cyborg as diversity management of prosthetic bodies - Technically modified bodies between exoticization, medicalization and normalization. At: DGS 2022, Bielefeld. With: Sascha Dickel.  <\/p>\n<!-- \/wp:paragraph -->\n\n<!-- wp:paragraph {\"fontSize\":\"normal\",\"translatedWithWPMLTM\":\"1\"} -->\n<p class=\"has-normal-font-size\"><strong>09\/2022<\/strong><br\/>The present &amp; future of living with prostheses. At: FUTUREBODY The Gathering, Berlin. <\/p>\n<!-- \/wp:paragraph -->\n\n<!-- wp:paragraph {\"fontSize\":\"normal\",\"translatedWithWPMLTM\":\"1\"} -->\n<p class=\"has-normal-font-size\"><strong>07\/2022<\/strong><br\/>Futures as linguistically composed expected presents. At: EASST 2022 Madrid. With: Marcel Woznica.  <\/p>\n<!-- \/wp:paragraph -->\n\n<!-- wp:paragraph {\"fontSize\":\"normal\",\"translatedWithWPMLTM\":\"1\"} -->\n<p class=\"has-normal-font-size\"><strong>07\/2022<\/strong><br\/>On interpretive shifts of technically modified bodies. At: EASST 2022 Madrid. <br\/><br\/><strong>05\/2022<\/strong><br\/>Un\/doing Humanity? The outer limits of the human being as the subject of extended human differentiation research. In: Posthumanism. Transhumanism. Beyond the human? 7th Annual Conference of the Cultural Studies Society. Karl-Franzens-University Graz. With: Sascha Dickel.       <\/p>\n<!-- \/wp:paragraph --><\/div><\/div>\n<!-- \/wp:jgu\/section -->","_links":{"self":[{"href":"https:\/\/medien-gesellschaft.soziologie.uni-mainz.de\/en\/wp-json\/wp\/v2\/pages\/16747","targetHints":{"allow":["GET"]}}],"collection":[{"href":"https:\/\/medien-gesellschaft.soziologie.uni-mainz.de\/en\/wp-json\/wp\/v2\/pages"}],"about":[{"href":"https:\/\/medien-gesellschaft.soziologie.uni-mainz.de\/en\/wp-json\/wp\/v2\/types\/page"}],"author":[{"embeddable":true,"href":"https:\/\/medien-gesellschaft.soziologie.uni-mainz.de\/en\/wp-json\/wp\/v2\/users\/492"}],"replies":[{"embeddable":true,"href":"https:\/\/medien-gesellschaft.soziologie.uni-mainz.de\/en\/wp-json\/wp\/v2\/comments?post=16747"}],"version-history":[{"count":5,"href":"https:\/\/medien-gesellschaft.soziologie.uni-mainz.de\/en\/wp-json\/wp\/v2\/pages\/16747\/revisions"}],"predecessor-version":[{"id":17877,"href":"https:\/\/medien-gesellschaft.soziologie.uni-mainz.de\/en\/wp-json\/wp\/v2\/pages\/16747\/revisions\/17877"}],"wp:attachment":[{"href":"https:\/\/medien-gesellschaft.soziologie.uni-mainz.de\/en\/wp-json\/wp\/v2\/media?parent=16747"}],"wp:term":[{"taxonomy":"category","embeddable":true,"href":"https:\/\/medien-gesellschaft.soziologie.uni-mainz.de\/en\/wp-json\/wp\/v2\/categories?post=16747"},{"taxonomy":"post_tag","embeddable":true,"href":"https:\/\/medien-gesellschaft.soziologie.uni-mainz.de\/en\/wp-json\/wp\/v2\/tags?post=16747"}],"curies":[{"name":"wp","href":"https:\/\/api.w.org\/{rel}","templated":true}]}}